{"id":600,"date":"2018-12-08T14:39:08","date_gmt":"2018-12-08T14:39:08","guid":{"rendered":"https:\/\/quintadorangel.pt\/wine-philosophy\/"},"modified":"2022-11-22T19:22:31","modified_gmt":"2022-11-22T19:22:31","slug":"wine-philosophy","status":"publish","type":"page","link":"https:\/\/quintadorangel.pt\/en\/wine-philosophy\/","title":{"rendered":"Wine Philosophy"},"content":{"rendered":"<p>[vc_row][vc_column][vc_column_text css=&#8221;.vc_custom_1535734267310{margin-bottom: 30px !important;}&#8221;]<\/p>\n<h4>Region<\/h4>\n<p>[\/vc_column_text][vc_column_text css=&#8221;.vc_custom_1535748713276{margin-bottom: 25px !important;}&#8221;]<\/p>\n<blockquote><p><em>With a unique microclimate and topography, a soil rich in minerals and the Sun de Portugal, we present the\u00a0perfect\u00a0terroir\u00a0for healthy ripening of the grapes.<\/em><\/p><\/blockquote>\n<p>[\/vc_column_text][vc_column_text]Alenquer assumes the most prominence in the winemaking panorama of the Lisbon Region, not only by the area of\u00a0occupied\u00a0vineyard\u00a0but mainly by the prestige of its wines.<br \/>\nThe microclimate with strong Atlantic influence, the topography of steep slopes\u00a0protected by the Mountain of Montejunto,\u00a0clay-\u00a0calcareous\u00a0soils\u00a0, created an impressive diversity of\u00a0terroirs that allow to give unique expressions to the castes.\u00a0It meets the ideal conditions for the production of aromatic white wines, full and persistent in taste, and vinous wines, balanced, alive and bright.<\/p>\n<p>The Mountain of Montejunto gives a\u00a0protection\u00a0of the North wind, favoring the heating of the lands,\u00a0the vineyards extend\u00a0between plateaus and hillsides,\u00a0with\u00a0several expositions, benefiting from\u00a0organoleptic\u00a0advantages\u00a0exceptional,\u00a0growth and enrichment of the grape.\u00a0The final product is the reflection of this authenticity, combining the tradition with a young and innovative methodology, creating wines with character and personality.[\/vc_column_text][\/vc_column][\/vc_row][vc_row][vc_column][vc_column_text css=&#8221;.vc_custom_1535734551331{margin-bottom: 30px !important;}&#8221;]<\/p>\n<h4>VITICULTURE &amp; ENOLOGY<\/h4>\n<p>[\/vc_column_text][vc_column_text]<em><strong>2 generations, which reflect the experiences of a side-by-side work.<\/strong><\/em><\/p>\n<p><strong>Jos\u00e9 C\u00e9sar In\u00e1cio,<\/strong>with a long career\u00a0in leading companies in the wine sector, with more than 30 grapevines and more than 30 years&#8217; experience in\u00a0wine\u00a0production, along with\u00a0<strong>Nuno Falle\u00a0In\u00e1cio<\/strong>, also an enologist,\u00a0an eternal passionate about the world of wine and with more than\u00a010 years of experience in the area,\u00a0was the mentor of the\u00a0Pintarola\u00a0Project, after implementing, over\u00a08 years of work,\u00a0the Montejunto brand,\u00a0a\u00a0reference\u00a0in the\u00a0restoration\u00a0of the city of Lisbon.<\/p>\n<blockquote><p><em>Our idea is to innovate what Tradition is. Building progress with the knowledge of our grandparents is like walking on the shoulders of giants.&#8221; (Nuno)<\/em><\/p><\/blockquote>\n<p><em><strong>It is from tradition that everything is born and begins to take form.<\/strong><\/em><\/p>\n<p>Jos\u00e9 C\u00e9sar and Nuno accompany the planting of vineyards; watch closely the\u00a0whole wine making process.\u00a0It is in the vineyard that the process of creation begins with a complex interaction between man, vine, soil and climate.<\/p>\n<blockquote><p><em>\u201cO The quality standard that sets us apart begins in the vineyard.&#8221; (Jos\u00e9 C\u00e9sar)<\/em><\/p><\/blockquote>\n<p>From sustainable agriculture\u00a0in the\u00a0resource optimization and monitoring of permanent field\u00a0follows\u00a0\u2013 if\u00a0the integrated production method prevailing minimal\u00a0intervention,\u00a0both in the vineyard and\u00a0in the cellar.<\/p>\n<p><em><strong>Knowledge becomes knowledge, taste becomes passion, intuition turns into\u00a0distinct\u00a0and competitive projects.<\/strong><\/em><\/p>\n<p>Truly linked\u00a0to\u00a0our culture,\u00a0but also\u00a0the\u00a0creation of new wines,\u00a0different profiles in\u00a0the commitment of\u00a0new challenges, adjusted to the tendencies, the choices and preferences of the consumers.<\/p>\n<p>We apply scientific knowledge in\u00a0the treatment of vines,\u00a0in\u00a0the quality of the grapes,\u00a0in\u00a0the transport to the winery and finally we\u00a0ensure the\u00a0whole subsequent process of which\u00a0the wine will\u00a0result, through a\u00a0careful\u00a0intervention\u00a0in the cellar, letting the intuition\u00a0pronounce\u00a0itself whenever necessary.[\/vc_column_text][\/vc_column][\/vc_row]<\/p>\n","protected":false},"excerpt":{"rendered":"<p>[vc_row][vc_column][vc_column_text css=&#8221;.vc_custom_1535734267310{margin-bottom: 30px !important;}&#8221;] Region [\/vc_column_text][vc_column_text css=&#8221;.vc_custom_1535748713276{margin-bottom: 25px !important;}&#8221;] With a unique microclimate and topography, a soil rich in minerals and the Sun de Portugal, we present the\u00a0perfect\u00a0terroir\u00a0for healthy ripening of the grapes. [\/vc_column_text][vc_column_text]Alenquer assumes the most prominence in the winemaking panorama of the Lisbon Region, not only by the area of\u00a0occupied\u00a0vineyard\u00a0but mainly by the [&hellip;]<\/p>\n","protected":false},"author":1,"featured_media":0,"parent":0,"menu_order":3,"comment_status":"closed","ping_status":"closed","template":"","meta":{"footnotes":""},"yoast_head":"<!-- This site is optimized with the Yoast SEO plugin v22.6 - https:\/\/yoast.com\/wordpress\/plugins\/seo\/ -->\n<title>Wine Philosophy - Quinta D&#039; Rangel<\/title>\n<meta name=\"robots\" content=\"index, follow, max-snippet:-1, max-image-preview:large, max-video-preview:-1\" \/>\n<link rel=\"canonical\" href=\"https:\/\/quintadorangel.pt\/en\/wine-philosophy\/\" \/>\n<meta property=\"og:locale\" content=\"en_US\" \/>\n<meta property=\"og:type\" content=\"article\" \/>\n<meta property=\"og:title\" content=\"Wine Philosophy - Quinta D&#039; Rangel\" \/>\n<meta property=\"og:description\" content=\"[vc_row][vc_column][vc_column_text css=&#8221;.vc_custom_1535734267310{margin-bottom: 30px !important;}&#8221;] Region [\/vc_column_text][vc_column_text css=&#8221;.vc_custom_1535748713276{margin-bottom: 25px !important;}&#8221;] With a unique microclimate and topography, a soil rich in minerals and the Sun de Portugal, we present the\u00a0perfect\u00a0terroir\u00a0for healthy ripening of the grapes. [\/vc_column_text][vc_column_text]Alenquer assumes the most prominence in the winemaking panorama of the Lisbon Region, not only by the area of\u00a0occupied\u00a0vineyard\u00a0but mainly by the [&hellip;]\" \/>\n<meta property=\"og:url\" content=\"https:\/\/quintadorangel.pt\/en\/wine-philosophy\/\" \/>\n<meta property=\"og:site_name\" content=\"Quinta D&#039; Rangel\" \/>\n<meta property=\"article:modified_time\" content=\"2022-11-22T19:22:31+00:00\" \/>\n<meta name=\"twitter:card\" content=\"summary_large_image\" \/>\n<meta name=\"twitter:label1\" content=\"Est. reading time\" \/>\n\t<meta name=\"twitter:data1\" content=\"3 minutes\" \/>\n<script type=\"application\/ld+json\" class=\"yoast-schema-graph\">{\"@context\":\"https:\/\/schema.org\",\"@graph\":[{\"@type\":\"WebPage\",\"@id\":\"https:\/\/quintadorangel.pt\/en\/wine-philosophy\/\",\"url\":\"https:\/\/quintadorangel.pt\/en\/wine-philosophy\/\",\"name\":\"Wine Philosophy - Quinta D&#039; Rangel\",\"isPartOf\":{\"@id\":\"https:\/\/quintadorangel.pt\/#website\"},\"datePublished\":\"2018-12-08T14:39:08+00:00\",\"dateModified\":\"2022-11-22T19:22:31+00:00\",\"breadcrumb\":{\"@id\":\"https:\/\/quintadorangel.pt\/en\/wine-philosophy\/#breadcrumb\"},\"inLanguage\":\"en-US\",\"potentialAction\":[{\"@type\":\"ReadAction\",\"target\":[\"https:\/\/quintadorangel.pt\/en\/wine-philosophy\/\"]}]},{\"@type\":\"BreadcrumbList\",\"@id\":\"https:\/\/quintadorangel.pt\/en\/wine-philosophy\/#breadcrumb\",\"itemListElement\":[{\"@type\":\"ListItem\",\"position\":1,\"name\":\"In\u00edcio\",\"item\":\"https:\/\/quintadorangel.pt\/en\/\"},{\"@type\":\"ListItem\",\"position\":2,\"name\":\"Wine Philosophy\"}]},{\"@type\":\"WebSite\",\"@id\":\"https:\/\/quintadorangel.pt\/#website\",\"url\":\"https:\/\/quintadorangel.pt\/\",\"name\":\"Quinta D&#039; Rangel\",\"description\":\"\",\"potentialAction\":[{\"@type\":\"SearchAction\",\"target\":{\"@type\":\"EntryPoint\",\"urlTemplate\":\"https:\/\/quintadorangel.pt\/?s={search_term_string}\"},\"query-input\":\"required name=search_term_string\"}],\"inLanguage\":\"en-US\"}]}<\/script>\n<!-- \/ Yoast SEO plugin. -->","yoast_head_json":{"title":"Wine Philosophy - Quinta D&#039; Rangel","robots":{"index":"index","follow":"follow","max-snippet":"max-snippet:-1","max-image-preview":"max-image-preview:large","max-video-preview":"max-video-preview:-1"},"canonical":"https:\/\/quintadorangel.pt\/en\/wine-philosophy\/","og_locale":"en_US","og_type":"article","og_title":"Wine Philosophy - Quinta D&#039; Rangel","og_description":"[vc_row][vc_column][vc_column_text css=&#8221;.vc_custom_1535734267310{margin-bottom: 30px !important;}&#8221;] Region [\/vc_column_text][vc_column_text css=&#8221;.vc_custom_1535748713276{margin-bottom: 25px !important;}&#8221;] With a unique microclimate and topography, a soil rich in minerals and the Sun de Portugal, we present the\u00a0perfect\u00a0terroir\u00a0for healthy ripening of the grapes. [\/vc_column_text][vc_column_text]Alenquer assumes the most prominence in the winemaking panorama of the Lisbon Region, not only by the area of\u00a0occupied\u00a0vineyard\u00a0but mainly by the [&hellip;]","og_url":"https:\/\/quintadorangel.pt\/en\/wine-philosophy\/","og_site_name":"Quinta D&#039; Rangel","article_modified_time":"2022-11-22T19:22:31+00:00","twitter_card":"summary_large_image","twitter_misc":{"Est. reading time":"3 minutes"},"schema":{"@context":"https:\/\/schema.org","@graph":[{"@type":"WebPage","@id":"https:\/\/quintadorangel.pt\/en\/wine-philosophy\/","url":"https:\/\/quintadorangel.pt\/en\/wine-philosophy\/","name":"Wine Philosophy - Quinta D&#039; Rangel","isPartOf":{"@id":"https:\/\/quintadorangel.pt\/#website"},"datePublished":"2018-12-08T14:39:08+00:00","dateModified":"2022-11-22T19:22:31+00:00","breadcrumb":{"@id":"https:\/\/quintadorangel.pt\/en\/wine-philosophy\/#breadcrumb"},"inLanguage":"en-US","potentialAction":[{"@type":"ReadAction","target":["https:\/\/quintadorangel.pt\/en\/wine-philosophy\/"]}]},{"@type":"BreadcrumbList","@id":"https:\/\/quintadorangel.pt\/en\/wine-philosophy\/#breadcrumb","itemListElement":[{"@type":"ListItem","position":1,"name":"In\u00edcio","item":"https:\/\/quintadorangel.pt\/en\/"},{"@type":"ListItem","position":2,"name":"Wine Philosophy"}]},{"@type":"WebSite","@id":"https:\/\/quintadorangel.pt\/#website","url":"https:\/\/quintadorangel.pt\/","name":"Quinta D&#039; Rangel","description":"","potentialAction":[{"@type":"SearchAction","target":{"@type":"EntryPoint","urlTemplate":"https:\/\/quintadorangel.pt\/?s={search_term_string}"},"query-input":"required name=search_term_string"}],"inLanguage":"en-US"}]}},"_links":{"self":[{"href":"https:\/\/quintadorangel.pt\/en\/wp-json\/wp\/v2\/pages\/600"}],"collection":[{"href":"https:\/\/quintadorangel.pt\/en\/wp-json\/wp\/v2\/pages"}],"about":[{"href":"https:\/\/quintadorangel.pt\/en\/wp-json\/wp\/v2\/types\/page"}],"author":[{"embeddable":true,"href":"https:\/\/quintadorangel.pt\/en\/wp-json\/wp\/v2\/users\/1"}],"replies":[{"embeddable":true,"href":"https:\/\/quintadorangel.pt\/en\/wp-json\/wp\/v2\/comments?post=600"}],"version-history":[{"count":2,"href":"https:\/\/quintadorangel.pt\/en\/wp-json\/wp\/v2\/pages\/600\/revisions"}],"predecessor-version":[{"id":895,"href":"https:\/\/quintadorangel.pt\/en\/wp-json\/wp\/v2\/pages\/600\/revisions\/895"}],"wp:attachment":[{"href":"https:\/\/quintadorangel.pt\/en\/wp-json\/wp\/v2\/media?parent=600"}],"curies":[{"name":"wp","href":"https:\/\/api.w.org\/{rel}","templated":true}]}}